{"id":65,"date":"2026-01-17T13:19:23","date_gmt":"2026-01-17T13:19:23","guid":{"rendered":"https:\/\/elitelinetransfers.com\/?page_id=65"},"modified":"2026-01-20T16:08:09","modified_gmt":"2026-01-20T16:08:09","slug":"o-nama","status":"publish","type":"page","link":"https:\/\/elitelinetransfers.com\/en\/o-nama\/","title":{"rendered":"About Us"},"content":{"rendered":"<div data-elementor-type=\"wp-page\" data-elementor-id=\"65\" class=\"elementor elementor-65\" data-elementor-post-type=\"page\">\n\t\t\t\t<div class=\"elementor-element elementor-element-7ff51c2b e-flex e-con-boxed e-con e-parent\" data-id=\"7ff51c2b\" data-element_type=\"container\" data-settings=\"{&quot;background_background&quot;:&quot;classic&quot;}\">\n\t\t\t\t\t<div class=\"e-con-inner\">\n\t\t\t\t<div class=\"elementor-element elementor-element-347e3e9c text-center elementor-widget elementor-widget-tp-heading-title\" data-id=\"347e3e9c\" data-element_type=\"widget\" data-widget_type=\"tp-heading-title.default\">\n\t\t\t\t\t<div class=\"heading heading_style heading_style6a01813528954 style-1\"  data-tp-gsap-heading-text=\"\" data-tp-gsap-sub-heading-text=\"\"><div class=\"sub-style\" ><div class=\"head-title\" > <h1  class=\"heading-title\"  data-hover=\"O nama\">About Us<span class=\"title-s\">  <\/span><\/h1><\/div><\/div><\/div>\t\t\t\t<\/div>\n\t\t\t\t<div class=\"elementor-element elementor-element-a880a53 elementor-widget__width-initial elementor-widget elementor-widget-spacer\" data-id=\"a880a53\" data-element_type=\"widget\" data-widget_type=\"spacer.default\">\n\t\t\t\t\t\t\t<div class=\"elementor-spacer\">\n\t\t\t<div class=\"elementor-spacer-inner\"><\/div>\n\t\t<\/div>\n\t\t\t\t\t\t<\/div>\n\t\t\t\t\t<\/div>\n\t\t\t\t<\/div>\n\t\t<div class=\"elementor-element elementor-element-6ec0a6b1 e-flex e-con-boxed e-con e-parent\" data-id=\"6ec0a6b1\" data-element_type=\"container\">\n\t\t\t\t\t<div class=\"e-con-inner\">\n\t\t<div class=\"elementor-element elementor-element-7de0b1f9 e-con-full e-flex e-con e-child\" data-id=\"7de0b1f9\" data-element_type=\"container\">\n\t\t<div class=\"elementor-element elementor-element-247db4d2 e-con-full e-flex e-con e-child\" data-id=\"247db4d2\" data-element_type=\"container\" data-settings=\"{&quot;background_background&quot;:&quot;classic&quot;}\">\n\t\t\t\t<\/div>\n\t\t\t\t<\/div>\n\t\t<div class=\"elementor-element elementor-element-5a7d69c6 e-con-full e-flex elementor-invisible e-con e-child\" data-id=\"5a7d69c6\" data-element_type=\"container\" data-settings=\"{&quot;animation&quot;:&quot;fadeInRight&quot;}\">\n\t\t\t\t<div class=\"elementor-element elementor-element-f8269b0 elementor-widget elementor-widget-heading\" data-id=\"f8269b0\" data-element_type=\"widget\" data-widget_type=\"heading.default\">\n\t\t\t\t\t<div class=\"elementor-heading-title elementor-size-default\">Who are we?<\/div>\t\t\t\t<\/div>\n\t\t\t\t<div class=\"elementor-element elementor-element-5a2d0caf elementor-widget elementor-widget-heading\" data-id=\"5a2d0caf\" data-element_type=\"widget\" data-widget_type=\"heading.default\">\n\t\t\t\t\t<h2 class=\"elementor-heading-title elementor-size-default\">Your journey, our care<\/h2>\t\t\t\t<\/div>\n\t\t\t\t<div class=\"elementor-element elementor-element-2e7fb7c0 elementor-widget elementor-widget-text-editor\" data-id=\"2e7fb7c0\" data-element_type=\"widget\" data-widget_type=\"text-editor.default\">\n\t\t\t\t\t\t\t\t\t<p data-start=\"202\" data-end=\"395\">Elite Line provides private transportation and vehicle rental for those who want a reliable and straightforward service. Our job is to take you where you need to go, without unnecessary questions, delays or improvisation.<\/p><p data-start=\"397\" data-end=\"593\">We most often operate in Zagreb and the surrounding area, but by arrangement we provide transport throughout Croatia. When needed, we also organise international transfers, depending on your plans and requirements.<\/p><p data-start=\"595\" data-end=\"804\">Whether it\u2019s an airport transfer, business commitments, private travel or special occasions, our approach is always the same. We arrive on time, drive calmly and discreetly, and stick to what has been agreed.<\/p><p data-start=\"806\" data-end=\"938\">Elite Line is for people who want their transportation handled without overthinking, with clear arrangements and vehicles they can rely on.<\/p>\t\t\t\t\t\t\t\t<\/div>\n\t\t\t\t<div class=\"elementor-element elementor-element-54ea5f20 elementor-icon-list--layout-traditional elementor-list-item-link-full_width elementor-widget elementor-widget-icon-list\" data-id=\"54ea5f20\" data-element_type=\"widget\" data-widget_type=\"icon-list.default\">\n\t\t\t\t\t\t\t<ul class=\"elementor-icon-list-items\">\n\t\t\t\t\t\t\t<li class=\"elementor-icon-list-item\">\n\t\t\t\t\t\t\t\t\t\t\t<span class=\"elementor-icon-list-icon\">\n\t\t\t\t\t\t\t<svg class=\"ekit-svg-icon icon-checked\" viewbox=\"0 0 32 32\" xmlns=\"http:\/\/www.w3.org\/2000\/svg\"><path d=\"M23 9.45l-10.95 12.1-3.45-3.8c-0.35-0.4-1-0.45-1.4-0.050-0.4 0.35-0.45 1-0.050 1.4l4 4.45c0.2 0.25 0.5 0.4 0.8 0.4 0.050 0 0.050 0 0.1 0s0.050 0 0.050 0c0.3 0 0.6-0.15 0.8-0.35l11.6-12.8c0.35-0.4 0.35-1.050-0.050-1.4-0.45-0.4-1.050-0.35-1.45 0.050zM16 0.4c-8.8 0-16 7.2-16 16s7.2 16 16 16c8.8 0 16-7.2 16-16s-7.2-16-16-16zM16 30.4c-7.7 0-14-6.3-14-14s6.3-14 14-14c7.7 0 14 6.3 14 14s-6.3 14-14 14z\"><\/path><\/svg>\t\t\t\t\t\t<\/span>\n\t\t\t\t\t\t\t\t\t\t<span class=\"elementor-icon-list-text\">Every ride is adjusted to your schedule and travel style<\/span>\n\t\t\t\t\t\t\t\t\t<\/li>\n\t\t\t\t\t\t\t\t<li class=\"elementor-icon-list-item\">\n\t\t\t\t\t\t\t\t\t\t\t<span class=\"elementor-icon-list-icon\">\n\t\t\t\t\t\t\t<svg class=\"ekit-svg-icon icon-checked\" viewbox=\"0 0 32 32\" xmlns=\"http:\/\/www.w3.org\/2000\/svg\"><path d=\"M23 9.45l-10.95 12.1-3.45-3.8c-0.35-0.4-1-0.45-1.4-0.050-0.4 0.35-0.45 1-0.050 1.4l4 4.45c0.2 0.25 0.5 0.4 0.8 0.4 0.050 0 0.050 0 0.1 0s0.050 0 0.050 0c0.3 0 0.6-0.15 0.8-0.35l11.6-12.8c0.35-0.4 0.35-1.050-0.050-1.4-0.45-0.4-1.050-0.35-1.45 0.050zM16 0.4c-8.8 0-16 7.2-16 16s7.2 16 16 16c8.8 0 16-7.2 16-16s-7.2-16-16-16zM16 30.4c-7.7 0-14-6.3-14-14s6.3-14 14-14c7.7 0 14 6.3 14 14s-6.3 14-14 14z\"><\/path><\/svg>\t\t\t\t\t\t<\/span>\n\t\t\t\t\t\t\t\t\t\t<span class=\"elementor-icon-list-text\">Our drivers know when to talk and when to keep the ride quiet<\/span>\n\t\t\t\t\t\t\t\t\t<\/li>\n\t\t\t\t\t\t<\/ul>\n\t\t\t\t\t\t<\/div>\n\t\t\t\t<div class=\"elementor-element elementor-element-7e678ee elementor-mobile-align-justify elementor-widget-mobile__width-inherit elementor-widget elementor-widget-button\" data-id=\"7e678ee\" data-element_type=\"widget\" data-widget_type=\"button.default\">\n\t\t\t\t\t\t\t\t\t\t<a class=\"elementor-button elementor-button-link elementor-size-sm\" href=\"https:\/\/elitelinetransfers.com\/en\/kontakt\/\">\n\t\t\t\t\t\t<span class=\"elementor-button-content-wrapper\">\n\t\t\t\t\t\t\t\t\t<span class=\"elementor-button-text\">Contact us<\/span>\n\t\t\t\t\t<\/span>\n\t\t\t\t\t<\/a>\n\t\t\t\t\t\t\t\t<\/div>\n\t\t\t\t<\/div>\n\t\t\t\t\t<\/div>\n\t\t\t\t<\/div>\n\t\t<div class=\"elementor-element elementor-element-4647c983 e-flex e-con-boxed e-con e-parent\" data-id=\"4647c983\" data-element_type=\"container\" data-settings=\"{&quot;background_background&quot;:&quot;classic&quot;,&quot;shape_divider_bottom&quot;:&quot;split&quot;,&quot;shape_divider_top&quot;:&quot;split&quot;}\">\n\t\t\t\t\t<div class=\"e-con-inner\">\n\t\t\t\t<div class=\"elementor-shape elementor-shape-top\" aria-hidden=\"true\" data-negative=\"false\">\n\t\t\t<svg xmlns=\"http:\/\/www.w3.org\/2000\/svg\" viewbox=\"0 0 1000 20\" preserveaspectratio=\"none\">\n\t<path class=\"elementor-shape-fill\" d=\"M0,0v3c0,0,393.8,0,483.4,0c9.2,0,16.6,7.4,16.6,16.6c0-9.1,7.4-16.6,16.6-16.6C606.2,3,1000,3,1000,3V0H0z\"\/>\n<\/svg>\t\t<\/div>\n\t\t\t\t<div class=\"elementor-shape elementor-shape-bottom\" aria-hidden=\"true\" data-negative=\"false\">\n\t\t\t<svg xmlns=\"http:\/\/www.w3.org\/2000\/svg\" viewbox=\"0 0 1000 20\" preserveaspectratio=\"none\">\n\t<path class=\"elementor-shape-fill\" d=\"M0,0v3c0,0,393.8,0,483.4,0c9.2,0,16.6,7.4,16.6,16.6c0-9.1,7.4-16.6,16.6-16.6C606.2,3,1000,3,1000,3V0H0z\"\/>\n<\/svg>\t\t<\/div>\n\t\t<div class=\"elementor-element elementor-element-6e4d50af e-con-full e-flex elementor-invisible e-con e-child\" data-id=\"6e4d50af\" data-element_type=\"container\" data-settings=\"{&quot;animation&quot;:&quot;fadeInRight&quot;,&quot;animation_delay&quot;:200}\">\n\t\t\t\t<div class=\"elementor-element elementor-element-139d76c8 elementor-widget elementor-widget-heading\" data-id=\"139d76c8\" data-element_type=\"widget\" data-widget_type=\"heading.default\">\n\t\t\t\t\t<div class=\"elementor-heading-title elementor-size-default\">Why us?<\/div>\t\t\t\t<\/div>\n\t\t\t\t<div class=\"elementor-element elementor-element-2984bbbd elementor-widget elementor-widget-heading\" data-id=\"2984bbbd\" data-element_type=\"widget\" data-widget_type=\"heading.default\">\n\t\t\t\t\t<h2 class=\"elementor-heading-title elementor-size-default\">We do transfers the way they should be done<\/h2>\t\t\t\t<\/div>\n\t\t\t\t<div class=\"elementor-element elementor-element-3c3710d0 elementor-widget elementor-widget-text-editor\" data-id=\"3c3710d0\" data-element_type=\"widget\" data-widget_type=\"text-editor.default\">\n\t\t\t\t\t\t\t\t\t<p data-start=\"545\" data-end=\"612\">Because transportation should be reliable, calm and hassle-free.<\/p>\t\t\t\t\t\t\t\t<\/div>\n\t\t\t\t<div class=\"elementor-element elementor-element-33862b6a elementor-icon-list--layout-traditional elementor-list-item-link-full_width elementor-widget elementor-widget-icon-list\" data-id=\"33862b6a\" data-element_type=\"widget\" data-widget_type=\"icon-list.default\">\n\t\t\t\t\t\t\t<ul class=\"elementor-icon-list-items\">\n\t\t\t\t\t\t\t<li class=\"elementor-icon-list-item\">\n\t\t\t\t\t\t\t\t\t\t\t<span class=\"elementor-icon-list-icon\">\n\t\t\t\t\t\t\t<svg class=\"ekit-svg-icon icon-checked\" viewbox=\"0 0 32 32\" xmlns=\"http:\/\/www.w3.org\/2000\/svg\"><path d=\"M23 9.45l-10.95 12.1-3.45-3.8c-0.35-0.4-1-0.45-1.4-0.050-0.4 0.35-0.45 1-0.050 1.4l4 4.45c0.2 0.25 0.5 0.4 0.8 0.4 0.050 0 0.050 0 0.1 0s0.050 0 0.050 0c0.3 0 0.6-0.15 0.8-0.35l11.6-12.8c0.35-0.4 0.35-1.050-0.050-1.4-0.45-0.4-1.050-0.35-1.45 0.050zM16 0.4c-8.8 0-16 7.2-16 16s7.2 16 16 16c8.8 0 16-7.2 16-16s-7.2-16-16-16zM16 30.4c-7.7 0-14-6.3-14-14s6.3-14 14-14c7.7 0 14 6.3 14 14s-6.3 14-14 14z\"><\/path><\/svg>\t\t\t\t\t\t<\/span>\n\t\t\t\t\t\t\t\t\t\t<span class=\"elementor-icon-list-text\">We arrive on time.<br>No delays, no \u201cfive more minutes\u201d, no excuses.<\/span>\n\t\t\t\t\t\t\t\t\t<\/li>\n\t\t\t\t\t\t\t\t<li class=\"elementor-icon-list-item\">\n\t\t\t\t\t\t\t\t\t\t\t<span class=\"elementor-icon-list-icon\">\n\t\t\t\t\t\t\t<svg class=\"ekit-svg-icon icon-checked\" viewbox=\"0 0 32 32\" xmlns=\"http:\/\/www.w3.org\/2000\/svg\"><path d=\"M23 9.45l-10.95 12.1-3.45-3.8c-0.35-0.4-1-0.45-1.4-0.050-0.4 0.35-0.45 1-0.050 1.4l4 4.45c0.2 0.25 0.5 0.4 0.8 0.4 0.050 0 0.050 0 0.1 0s0.050 0 0.050 0c0.3 0 0.6-0.15 0.8-0.35l11.6-12.8c0.35-0.4 0.35-1.050-0.050-1.4-0.45-0.4-1.050-0.35-1.45 0.050zM16 0.4c-8.8 0-16 7.2-16 16s7.2 16 16 16c8.8 0 16-7.2 16-16s-7.2-16-16-16zM16 30.4c-7.7 0-14-6.3-14-14s6.3-14 14-14c7.7 0 14 6.3 14 14s-6.3 14-14 14z\"><\/path><\/svg>\t\t\t\t\t\t<\/span>\n\t\t\t\t\t\t\t\t\t\t<span class=\"elementor-icon-list-text\">We drive calmly and responsibly.<br>No rushing, no stress, no uncomfortable situations.<\/span>\n\t\t\t\t\t\t\t\t\t<\/li>\n\t\t\t\t\t\t\t\t<li class=\"elementor-icon-list-item\">\n\t\t\t\t\t\t\t\t\t\t\t<span class=\"elementor-icon-list-icon\">\n\t\t\t\t\t\t\t<svg class=\"ekit-svg-icon icon-checked\" viewbox=\"0 0 32 32\" xmlns=\"http:\/\/www.w3.org\/2000\/svg\"><path d=\"M23 9.45l-10.95 12.1-3.45-3.8c-0.35-0.4-1-0.45-1.4-0.050-0.4 0.35-0.45 1-0.050 1.4l4 4.45c0.2 0.25 0.5 0.4 0.8 0.4 0.050 0 0.050 0 0.1 0s0.050 0 0.050 0c0.3 0 0.6-0.15 0.8-0.35l11.6-12.8c0.35-0.4 0.35-1.050-0.050-1.4-0.45-0.4-1.050-0.35-1.45 0.050zM16 0.4c-8.8 0-16 7.2-16 16s7.2 16 16 16c8.8 0 16-7.2 16-16s-7.2-16-16-16zM16 30.4c-7.7 0-14-6.3-14-14s6.3-14 14-14c7.7 0 14 6.3 14 14s-6.3 14-14 14z\"><\/path><\/svg>\t\t\t\t\t\t<\/span>\n\t\t\t\t\t\t\t\t\t\t<span class=\"elementor-icon-list-text\">Discretion is standard.<br>A ride is just a ride, without unnecessary questions or comments.<\/span>\n\t\t\t\t\t\t\t\t\t<\/li>\n\t\t\t\t\t\t<\/ul>\n\t\t\t\t\t\t<\/div>\n\t\t\t\t<div class=\"elementor-element elementor-element-6da23285 elementor-widget elementor-widget-button\" data-id=\"6da23285\" data-element_type=\"widget\" data-widget_type=\"button.default\">\n\t\t\t\t\t\t\t\t\t\t<a class=\"elementor-button elementor-button-link elementor-size-sm\" href=\"https:\/\/elitelinetransfers.com\/en\/kontakt\/\">\n\t\t\t\t\t\t<span class=\"elementor-button-content-wrapper\">\n\t\t\t\t\t\t\t\t\t<span class=\"elementor-button-text\">Book today<\/span>\n\t\t\t\t\t<\/span>\n\t\t\t\t\t<\/a>\n\t\t\t\t\t\t\t\t<\/div>\n\t\t\t\t<\/div>\n\t\t<div class=\"elementor-element elementor-element-4421a2d9 e-con-full e-flex e-con e-child\" data-id=\"4421a2d9\" data-element_type=\"container\" data-settings=\"{&quot;background_background&quot;:&quot;classic&quot;}\">\n\t\t\t\t<\/div>\n\t\t\t\t\t<\/div>\n\t\t\t\t<\/div>\n\t\t<div class=\"elementor-element elementor-element-70dcacf e-flex e-con-boxed e-con e-parent\" data-id=\"70dcacf\" data-element_type=\"container\">\n\t\t\t\t\t<div class=\"e-con-inner\">\n\t\t\t\t<div class=\"elementor-element elementor-element-ec0eb2b elementor-widget-divider--view-line_icon elementor-view-default elementor-widget-divider--element-align-center elementor-widget elementor-widget-divider\" data-id=\"ec0eb2b\" data-element_type=\"widget\" data-widget_type=\"divider.default\">\n\t\t\t\t\t\t\t<div class=\"elementor-divider\">\n\t\t\t<span class=\"elementor-divider-separator\">\n\t\t\t\t\t\t\t<div class=\"elementor-icon elementor-divider__element\">\n\t\t\t\t\t<svg class=\"ekit-svg-icon icon-steering-wheel\" viewbox=\"0 0 32 32\" xmlns=\"http:\/\/www.w3.org\/2000\/svg\"><path d=\"M16 32c8.837 0 16-7.163 16-16s-7.163-16-16-16-16 7.163-16 16c0.010 8.833 7.167 15.99 16 16zM16 1.067c8.248 0 14.933 6.686 14.933 14.933s-6.686 14.933-14.933 14.933-14.933-6.686-14.933-14.933c0.010-8.244 6.69-14.924 14.933-14.933z\"><\/path><path d=\"M16 29.333c7.364 0 13.333-5.969 13.333-13.333s-5.969-13.333-13.333-13.333-13.333 5.969-13.333 13.333c0.008 7.36 5.973 13.325 13.333 13.333zM4.147 19.156l3.286-0.875c1.28-0.342 2.647-0.069 3.698 0.738s1.668 2.056 1.669 3.382v5.44c-4.223-1.151-7.518-4.457-8.653-8.684zM13.867 28.077v-5.677c-0.001-1.656-0.772-3.218-2.085-4.227s-3.022-1.35-4.622-0.923l-3.24 0.862c-0.237-1.341-0.247-2.713-0.030-4.057 2.528-0.914 7.219-2.322 12.111-2.322s9.583 1.408 12.111 2.322c0.217 1.344 0.207 2.716-0.030 4.057l-3.24-0.862c-1.6-0.427-3.308-0.086-4.622 0.923s-2.084 2.571-2.085 4.227v5.678c-1.411 0.252-2.856 0.252-4.267 0zM19.2 27.84v-5.44c0.001-1.325 0.617-2.574 1.669-3.381s2.417-1.080 3.698-0.738l3.287 0.875c-1.136 4.227-4.43 7.533-8.653 8.684zM16 3.733c5.552 0.007 10.409 3.737 11.85 9.099-3.809-1.348-7.81-2.079-11.85-2.166-4.040 0.087-8.040 0.818-11.85 2.166 1.44-5.362 6.298-9.092 11.85-9.099z\"><\/path><path d=\"M19.733 16c0-2.062-1.672-3.733-3.733-3.733s-3.733 1.672-3.733 3.733 1.672 3.733 3.733 3.733c2.061-0.002 3.731-1.673 3.733-3.733zM13.333 16c0-1.473 1.194-2.667 2.667-2.667s2.667 1.194 2.667 2.667-1.194 2.667-2.667 2.667c-1.472-0.002-2.665-1.195-2.667-2.667z\"><\/path><path d=\"M17.6 16c0-0.884-0.717-1.6-1.6-1.6s-1.6 0.717-1.6 1.6 0.717 1.6 1.6 1.6 1.6-0.717 1.6-1.6zM15.467 16c0-0.294 0.239-0.533 0.533-0.533s0.533 0.239 0.533 0.533-0.239 0.533-0.533 0.533-0.533-0.239-0.533-0.533z\"><\/path><\/svg><\/div>\n\t\t\t\t\t\t<\/span>\n\t\t<\/div>\n\t\t\t\t\t\t<\/div>\n\t\t<div class=\"elementor-element elementor-element-bfba4e4 e-con-full e-flex e-con e-child\" data-id=\"bfba4e4\" data-element_type=\"container\" data-settings=\"{&quot;background_background&quot;:&quot;classic&quot;,&quot;animation&quot;:&quot;none&quot;}\">\n\t\t\t\t<div class=\"elementor-element elementor-element-7ea6d85 elementor-widget elementor-widget-tp-accordion\" data-id=\"7ea6d85\" data-element_type=\"widget\" data-widget_type=\"tp-accordion.default\">\n\t\t\t\t\t\t\t<div class=\"theplus-accordion-wrapper elementor-accordion\" id=\"accordion6a0181352d199\" data-accordion-id=\"accordion6a0181352d199\" data-accordion-type=\"accordion\" data-toogle-speed=\"300\"   role=\"tablist\">\n\t\t\t\t\t\t\t\n\t\t\t\t<div class=\"theplus-accordion-item\">\n\t\t\t\t\t<div id=\"elementor-tab-title-1321\" class=\"elementor-tab-title plus-accordion-header active-default\" tabindex=\"1321\" data-tab=\"1\" role=\"tab\" aria-controls=\"elementor-tab-content-1321\">\n\t\t\t\t\t\t<span style=\"width:100%\">How can I arrange private transportation or vehicle rental?<\/span><span class=\"elementor-accordion-icon elementor-accordion-icon-right\" aria-hidden=\"true\"><i class=\"elementor-accordion-icon-closed fa fa-plus\"><\/i><i class=\"elementor-accordion-icon-opened fa fa-minus\"><\/i><\/span>\n\t\t\t\t\t<\/div>  \n\n\t\t\t\t\t\t\t\t\t\t\t<div id=\"elementor-tab-content-1321\" class=\"elementor-tab-content elementor-clearfix plus-accordion-content active-default\" data-tab=\"1\" role=\"tabpanel\" aria-labelledby=\"elementor-tab-title-1321\">\n\t\t\t\t\t\t\t<div class=\"plus-content-editor\"><p data-start=\"104\" data-end=\"288\">Simply call us or contact us via email or the contact form and let us know which vehicle you want and for which date.<\/p><\/div>\n\t\t\t\t\t\t<\/div>\n\t\t\t\t\t\n\t\t\t\t<\/div>\n\n\t\t\t\t\t\t\t\n\t\t\t\t<div class=\"theplus-accordion-item\">\n\t\t\t\t\t<div id=\"elementor-tab-title-1322\" class=\"elementor-tab-title plus-accordion-header no\" tabindex=\"1322\" data-tab=\"2\" role=\"tab\" aria-controls=\"elementor-tab-content-1322\">\n\t\t\t\t\t\t<span style=\"width:100%\">Is it possible to arrange a ride late at night or early in the morning?<\/span><span class=\"elementor-accordion-icon elementor-accordion-icon-right\" aria-hidden=\"true\"><i class=\"elementor-accordion-icon-closed fa fa-plus\"><\/i><i class=\"elementor-accordion-icon-opened fa fa-minus\"><\/i><\/span>\n\t\t\t\t\t<\/div>  \n\n\t\t\t\t\t\t\t\t\t\t\t<div id=\"elementor-tab-content-1322\" class=\"elementor-tab-content elementor-clearfix plus-accordion-content no\" data-tab=\"2\" role=\"tabpanel\" aria-labelledby=\"elementor-tab-title-1322\">\n\t\t\t\t\t\t\t<div class=\"plus-content-editor\"><p data-start=\"295\" data-end=\"444\">Of course. We operate according to your needs, regardless of the time of day or night.<\/p><\/div>\n\t\t\t\t\t\t<\/div>\n\t\t\t\t\t\n\t\t\t\t<\/div>\n\n\t\t\t\t\t\t\t\n\t\t\t\t<div class=\"theplus-accordion-item\">\n\t\t\t\t\t<div id=\"elementor-tab-title-1323\" class=\"elementor-tab-title plus-accordion-header no\" tabindex=\"1323\" data-tab=\"3\" role=\"tab\" aria-controls=\"elementor-tab-content-1323\">\n\t\t\t\t\t\t<span style=\"width:100%\">Which locations do you operate in?<\/span><span class=\"elementor-accordion-icon elementor-accordion-icon-right\" aria-hidden=\"true\"><i class=\"elementor-accordion-icon-closed fa fa-plus\"><\/i><i class=\"elementor-accordion-icon-opened fa fa-minus\"><\/i><\/span>\n\t\t\t\t\t<\/div>  \n\n\t\t\t\t\t\t\t\t\t\t\t<div id=\"elementor-tab-content-1323\" class=\"elementor-tab-content elementor-clearfix plus-accordion-content no\" data-tab=\"3\" role=\"tabpanel\" aria-labelledby=\"elementor-tab-title-1323\">\n\t\t\t\t\t\t\t<div class=\"plus-content-editor\"><p data-start=\"451\" data-end=\"564\">We take you wherever you need to go. Just let us know your destination and we will take care of everything else.<\/p><\/div>\n\t\t\t\t\t\t<\/div>\n\t\t\t\t\t\n\t\t\t\t<\/div>\n\n\t\t\t\t\t\t\t\n\t\t\t\t<div class=\"theplus-accordion-item\">\n\t\t\t\t\t<div id=\"elementor-tab-title-1324\" class=\"elementor-tab-title plus-accordion-header no\" tabindex=\"1324\" data-tab=\"4\" role=\"tab\" aria-controls=\"elementor-tab-content-1324\">\n\t\t\t\t\t\t<span style=\"width:100%\">Can I book a vehicle for multiple rides on the same day?<\/span><span class=\"elementor-accordion-icon elementor-accordion-icon-right\" aria-hidden=\"true\"><i class=\"elementor-accordion-icon-closed fa fa-plus\"><\/i><i class=\"elementor-accordion-icon-opened fa fa-minus\"><\/i><\/span>\n\t\t\t\t\t<\/div>  \n\n\t\t\t\t\t\t\t\t\t\t\t<div id=\"elementor-tab-content-1324\" class=\"elementor-tab-content elementor-clearfix plus-accordion-content no\" data-tab=\"4\" role=\"tabpanel\" aria-labelledby=\"elementor-tab-title-1324\">\n\t\t\t\t\t\t\t<div class=\"plus-content-editor\"><p data-start=\"571\" data-end=\"720\">Yes, it is possible. Feel free to contact us with the details and we will adapt to your schedule.<\/p><\/div>\n\t\t\t\t\t\t<\/div>\n\t\t\t\t\t\n\t\t\t\t<\/div>\n\n\t\t\t\t\t<\/div>\n\t\t\t\t\t\t<\/div>\n\t\t\t\t<\/div>\n\t\t<div class=\"elementor-element elementor-element-24549dc e-con-full e-flex e-con e-child\" data-id=\"24549dc\" data-element_type=\"container\">\n\t\t\t\t<div class=\"elementor-element elementor-element-eb97656 elementor-widget__width-inherit elementor-widget elementor-widget-heading\" data-id=\"eb97656\" data-element_type=\"widget\" data-widget_type=\"heading.default\">\n\t\t\t\t\t<div class=\"elementor-heading-title elementor-size-default\">Frequently Asked Questions<\/div>\t\t\t\t<\/div>\n\t\t\t\t<div class=\"elementor-element elementor-element-2cb609c elementor-widget elementor-widget-heading\" data-id=\"2cb609c\" data-element_type=\"widget\" data-widget_type=\"heading.default\">\n\t\t\t\t\t<h2 class=\"elementor-heading-title elementor-size-default\">Have questions? We are here for you<\/h2>\t\t\t\t<\/div>\n\t\t\t\t<div class=\"elementor-element elementor-element-ae0d5ad elementor-widget elementor-widget-text-editor\" data-id=\"ae0d5ad\" data-element_type=\"widget\" data-widget_type=\"text-editor.default\">\n\t\t\t\t\t\t\t\t\t<p data-start=\"235\" data-end=\"392\">If you haven\u2019t found the answer you\u2019re looking for, feel free to contact us. We\u2019ll be happy to help and provide all the necessary information before arranging your ride or vehicle rental.<\/p>\t\t\t\t\t\t\t\t<\/div>\n\t\t\t\t<div class=\"elementor-element elementor-element-e5da62c elementor-align-left elementor-widget__width-inherit elementor-mobile-align-justify elementor-widget elementor-widget-button\" data-id=\"e5da62c\" data-element_type=\"widget\" data-widget_type=\"button.default\">\n\t\t\t\t\t\t\t\t\t\t<a class=\"elementor-button elementor-button-link elementor-size-sm\" href=\"https:\/\/elitelinetransfers.com\/en\/kontakt\/\">\n\t\t\t\t\t\t<span class=\"elementor-button-content-wrapper\">\n\t\t\t\t\t\t\t\t\t<span class=\"elementor-button-text\">Contact us<\/span>\n\t\t\t\t\t<\/span>\n\t\t\t\t\t<\/a>\n\t\t\t\t\t\t\t\t<\/div>\n\t\t\t\t<\/div>\n\t\t\t\t\t<\/div>\n\t\t\t\t<\/div>\n\t\t\t\t<\/div>","protected":false},"excerpt":{"rendered":"<p>O nama Tko smo mi? Va\u0161e putovanje, na\u0161a briga Elite Line pru\u017ea privatni prijevoz i najam vozila za one koji \u017eele pouzdanu i jednostavnu uslugu. Na\u0161 posao je odvesti vas tamo gdje trebate, bez nepotrebnih pitanja, ka\u0161njenja i improvizacije. Naj\u010de\u0161\u0107e vozimo na relacijama Zagreb i okolica, ali po dogovoru dolazimo i vozimo po cijeloj Hrvatskoj. [&hellip;]<\/p>","protected":false},"author":1,"featured_media":0,"parent":0,"menu_order":0,"comment_status":"closed","ping_status":"closed","template":"elementor_header_footer","meta":{"footnotes":""},"class_list":["post-65","page","type-page","status-publish","hentry"],"_links":{"self":[{"href":"https:\/\/elitelinetransfers.com\/en\/wp-json\/wp\/v2\/pages\/65","targetHints":{"allow":["GET"]}}],"collection":[{"href":"https:\/\/elitelinetransfers.com\/en\/wp-json\/wp\/v2\/pages"}],"about":[{"href":"https:\/\/elitelinetransfers.com\/en\/wp-json\/wp\/v2\/types\/page"}],"author":[{"embeddable":true,"href":"https:\/\/elitelinetransfers.com\/en\/wp-json\/wp\/v2\/users\/1"}],"replies":[{"embeddable":true,"href":"https:\/\/elitelinetransfers.com\/en\/wp-json\/wp\/v2\/comments?post=65"}],"version-history":[{"count":46,"href":"https:\/\/elitelinetransfers.com\/en\/wp-json\/wp\/v2\/pages\/65\/revisions"}],"predecessor-version":[{"id":577,"href":"https:\/\/elitelinetransfers.com\/en\/wp-json\/wp\/v2\/pages\/65\/revisions\/577"}],"wp:attachment":[{"href":"https:\/\/elitelinetransfers.com\/en\/wp-json\/wp\/v2\/media?parent=65"}],"curies":[{"name":"wp","href":"https:\/\/api.w.org\/{rel}","templated":true}]}}